{"id":1327,"date":"2024-11-22T12:06:48","date_gmt":"2024-11-22T15:06:48","guid":{"rendered":"https:\/\/winetinternet.com.ar\/store\/?post_type=product&#038;p=1327"},"modified":"2024-12-06T11:56:25","modified_gmt":"2024-12-06T14:56:25","slug":"camara-ip-oryx-de-seguridad-exterior-con-wifi","status":"publish","type":"product","link":"https:\/\/winetinternet.com.ar\/store\/producto\/camara-ip-oryx-de-seguridad-exterior-con-wifi\/","title":{"rendered":"CAMARA IP ORYX DE SEGURIDAD EXTERIOR CON WIFI"},"content":{"rendered":"<ul>\n<li dir=\"auto\" data-olk-copy-source=\"MessageBody\">Conexi\u00f3n al WiFi<\/li>\n<li dir=\"auto\">Audio bidireccional, podes hablar y escuchar a trav\u00e9s de la c\u00e1mara<\/li>\n<li dir=\"auto\">Visi\u00f3n nocturna<\/li>\n<li dir=\"auto\">Compatible con Android y Apple<\/li>\n<li dir=\"auto\">Apta para interior y exterior<\/li>\n<li dir=\"auto\">Podes ver la imagen desde celular o computador<\/li>\n<li dir=\"auto\">Sigue el movimiento<\/li>\n<li dir=\"auto\">Incluye kit de instalaci\u00f3n y manual de instrucciones en espa\u00f1ol<\/li>\n<li dir=\"auto\">Manejas el \u00e1ngulo de video desde el tel\u00e9fono<\/li>\n<li dir=\"auto\">Se le puede agregar tarjeta Sd para almacenamiento<\/li>\n<li dir=\"auto\">Excelente calidad<\/li>\n<li dir=\"auto\">Ideal para casa, oficina, cochera, deposito y muchos lugares mas<\/li>\n<\/ul>\n","protected":false},"excerpt":{"rendered":"<p>Conexi\u00f3n al WiFi Audio bidireccional, podes hablar y escuchar a trav\u00e9s de la c\u00e1mara Visi\u00f3n nocturna Compatible con Android y Apple Apta para interior y exterior Podes ver la imagen desde celular o computador Sigue el movimiento Incluye kit de instalaci\u00f3n y manual de instrucciones en espa\u00f1ol Manejas el \u00e1ngulo de video desde el tel\u00e9fono [&hellip;]<\/p>\n","protected":false},"featured_media":1328,"comment_status":"open","ping_status":"closed","template":"","meta":{"site-sidebar-layout":"default","site-content-layout":"","ast-site-content-layout":"default","site-content-style":"default","site-sidebar-style":"default","ast-global-header-display":"","ast-banner-title-visibility":"","ast-main-header-display":"","ast-hfb-above-header-display":"","ast-hfb-below-header-display":"","ast-hfb-mobile-header-display":"","site-post-title":"","ast-breadcrumbs-content":"","ast-featured-img":"","footer-sml-layout":"","theme-transparent-header-meta":"default","adv-header-id-meta":"","stick-header-meta":"","header-above-stick-meta":"","header-main-stick-meta":"","header-below-stick-meta":"","astra-migrate-meta-layouts":"set","ast-page-background-enabled":"default","ast-page-background-meta":{"desktop":{"background-color":"","background-image":"","background-repeat":"repeat","background-position":"center center","background-size":"auto","background-attachment":"scroll","background-type":"","background-media":"","overlay-type":"","overlay-color":"","overlay-opacity":"","overlay-gradient":""},"tablet":{"background-color":"","background-image":"","background-repeat":"repeat","background-position":"center center","background-size":"auto","background-attachment":"scroll","background-type":"","background-media":"","overlay-type":"","overlay-color":"","overlay-opacity":"","overlay-gradient":""},"mobile":{"background-color":"","background-image":"","background-repeat":"repeat","background-position":"center center","background-size":"auto","background-attachment":"scroll","background-type":"","background-media":"","overlay-type":"","overlay-color":"","overlay-opacity":"","overlay-gradient":""}},"ast-content-background-meta":{"desktop":{"background-color":"var(--ast-global-color-5)","background-image":"","background-repeat":"repeat","background-position":"center center","background-size":"auto","background-attachment":"scroll","background-type":"","background-media":"","overlay-type":"","overlay-color":"","overlay-opacity":"","overlay-gradient":""},"tablet":{"background-color":"var(--ast-global-color-5)","background-image":"","background-repeat":"repeat","background-position":"center center","background-size":"auto","background-attachment":"scroll","background-type":"","background-media":"","overlay-type":"","overlay-color":"","overlay-opacity":"","overlay-gradient":""},"mobile":{"background-color":"var(--ast-global-color-5)","background-image":"","background-repeat":"repeat","background-position":"center center","background-size":"auto","background-attachment":"scroll","background-type":"","background-media":"","overlay-type":"","overlay-color":"","overlay-opacity":"","overlay-gradient":""}}},"product_cat":[36],"product_tag":[37],"class_list":{"0":"post-1327","1":"product","2":"type-product","3":"status-publish","4":"has-post-thumbnail","6":"product_cat-camaras","7":"product_tag-camara-ip-oryx-de-seguridad-exterior-con-wifi","8":"desktop-align-left","9":"tablet-align-left","10":"mobile-align-left","12":"first","13":"instock","14":"sale","15":"shipping-taxable","16":"purchasable","17":"product-type-simple"},"_links":{"self":[{"href":"https:\/\/winetinternet.com.ar\/store\/wp-json\/wp\/v2\/product\/1327","targetHints":{"allow":["GET"]}}],"collection":[{"href":"https:\/\/winetinternet.com.ar\/store\/wp-json\/wp\/v2\/product"}],"about":[{"href":"https:\/\/winetinternet.com.ar\/store\/wp-json\/wp\/v2\/types\/product"}],"replies":[{"embeddable":true,"href":"https:\/\/winetinternet.com.ar\/store\/wp-json\/wp\/v2\/comments?post=1327"}],"wp:featuredmedia":[{"embeddable":true,"href":"https:\/\/winetinternet.com.ar\/store\/wp-json\/wp\/v2\/media\/1328"}],"wp:attachment":[{"href":"https:\/\/winetinternet.com.ar\/store\/wp-json\/wp\/v2\/media?parent=1327"}],"wp:term":[{"taxonomy":"product_cat","embeddable":true,"href":"https:\/\/winetinternet.com.ar\/store\/wp-json\/wp\/v2\/product_cat?post=1327"},{"taxonomy":"product_tag","embeddable":true,"href":"https:\/\/winetinternet.com.ar\/store\/wp-json\/wp\/v2\/product_tag?post=1327"}],"curies":[{"name":"wp","href":"https:\/\/api.w.org\/{rel}","templated":true}]}}